{"id":177,"date":"2026-02-24T20:59:25","date_gmt":"2026-02-24T20:59:25","guid":{"rendered":"http:\/\/209.46.123.56\/?page_id=177"},"modified":"2026-02-25T02:43:06","modified_gmt":"2026-02-25T02:43:06","slug":"informacion-legal","status":"publish","type":"page","link":"http:\/\/209.46.123.56\/index.php\/informacion-legal\/","title":{"rendered":"Informaci\u00f3n legal"},"content":{"rendered":"\n<p class=\"has-base-2-color has-text-color has-link-color has-medium-font-size wp-elements-06e6ddc6453bcb5fd98f26bcc149e937\">Aviso de privacidad <\/p>\n\n\n\n<p class=\"has-small-font-size\">Access Ofertas M\u00e9xico informa que en este sitio web no se solicitan, recolectan ni almacenan datos personales de identificaci\u00f3n directa (como nombre, correo electr\u00f3nico o tel\u00e9fono), ya que no contamos con formularios de registro ni contacto. La \u00fanica informaci\u00f3n procesada es de car\u00e1cter estad\u00edstico y t\u00e9cnico , la cual est\u00e1 configurada para anonimizar tus consulta en amplia medida, garantizando que no podamos identificarte personalmente. <\/p>\n\n\n\n<p class=\"has-base-2-color has-text-color has-link-color has-small-font-size wp-elements-31f20404bb60513f95aff5d17e927167\">Para cualquier duda sobre tu privacidad y derechos ARCO, puedes contactarnos a trav\u00e9s de nuestras redes sociales oficiales vinculadas en este sitio.<\/p>\n\n\n\n<p class=\"has-medium-font-size\">T\u00e9rminos y Condiciones<\/p>\n\n\n\n<p class=\"has-small-font-size\">Naturaleza del Sitio: Este es un portal de intermediaci\u00f3n publicitaria sobre ofertas en linea. No somos una tienda en l\u00ednea. Nuestra labor es puramente informativa. Sin embargo siempre buscamos que nuestras alianzas e investigaciones de mercado se alineen a los est\u00e1ndares de calidad y opiniones de consumidores reales con los puntajes positivos mas altos posibles.<\/p>\n\n\n\n<p class=\"has-small-font-size\">Sobre los Productos y su Uso:  No fabricamos, probamos ni almacenamos los productos mostrados. Por ello, la calidad, idoneidad y el uso final que se le d\u00e9 a cada art\u00edculo es responsabilidad exclusiva del fabricante y del comprador. Te recomendamos leer siempre los manuales y advertencias de seguridad tras tu compra.<\/p>\n\n\n\n<p class=\"has-small-font-size\">Sobre los Vendedores y el Servicio: Al hacer clic en una oferta, la relaci\u00f3n comercial se establece directamente entre t\u00fa y el vendedor final (Amazon, Mercado Libre u otros). No tenemos control ni responsabilidad sobre el comportamiento del vendedor, la atenci\u00f3n al cliente, ni las garant\u00edas ofrecidas por ellos.<\/p>\n\n\n\n<p class=\"has-small-font-size\">Sobre la Log\u00edstica y Env\u00edos: Los tiempos de entrega, posibles retrasos en el transporte o fallos en la mensajer\u00eda dependen totalmente de la log\u00edstica de la plataforma de destino. Lamentamos cualquier inconveniente que pueda surgir en el env\u00edo, pero es un proceso que queda fuera del alcance de nuestra tecnolog\u00eda.<\/p>\n\n\n\n<p class=\"has-small-font-size\">Disponibilidad y Promociones: Nuestras herramientas de detecci\u00f3n de ofertas buscan las mejores oportunidades en tiempo real. No obstante, el stock disponible y la aplicaci\u00f3n de cupones o promociones pueden agotarse o cambiar en cuesti\u00f3n de minutos debido a la alta demanda. El precio y las condiciones finales ser\u00e1n siempre las que visualices en el resumen de compra del sitio oficial del vendedor.<\/p>\n\n\n\n<p class=\"has-small-font-size\">Informaci\u00f3n de Precios: Los precios y ofertas mostrados en este sitio son recopilados tanto de manera manuel como autom\u00e1ticamente. El usuario reconoce que Access Ofertas M\u00e9xico no vende productos directamente. Aunque buscamos la m\u00e1xima precisi\u00f3n, el usuario acepta que pueden existir desfases entre la oferta mostrada aqu\u00ed y el precio real en la tienda final. El  vinculante es el mostrado en el sitio web del vendedor al momento de la transacci\u00f3n.<\/p>\n\n\n\n<p class=\"has-small-font-size\">Enlaces de Terceros: Al salir de nuestra web mediante un enlace de oferta, el usuario se rige por los t\u00e9rminos y condiciones del sitio de destino.<\/p>\n\n\n\n<p class=\"has-small-font-size\"><strong>Sostenibilidad del Proyecto:<\/strong> El usuario reconoce que el mantenimiento de la infraestructura t\u00e9cnica y la gesti\u00f3n administrativa para el funcionamiento de este sitio se financia a trav\u00e9s de las comisiones de afiliaci\u00f3n sin que esto genere un cargo adicional.<\/p>\n\n\n\n<p class=\"has-medium-font-size\">Pol\u00edtica de Cookies<\/p>\n\n\n\n<p class=\"has-small-font-size\">Cookies Propias: Utilizamos un sistema de analiticas propio y no invasivo. A diferencia de otros servicios de anal\u00edtica, los datos no salen de nuestro servidor. Estas cookies nos permiten saber, por ejemplo, si una oferta de &#8220;freidoras de aire&#8221; es m\u00e1s popular que otra, ayud\u00e1ndonos a decidir qu\u00e9 contenido priorizar con nuestra tecnolog\u00eda pero manteniendo tu anonimidad en todo el proceso dentro de nuestro sitio.<\/p>\n\n\n\n<p class=\"has-small-font-size\">Cookies de Terceros: Al hacer clic en un enlace para ver u obtener una oferta o cup\u00f3n, ser\u00e1s redirigido a sitios como Amazon o Mercado Libre y otros. Estos sitios instalan sus propias cookies para identificar que la recomendaci\u00f3n proviene de nosotros. Esto les permite asignarnos una comisi\u00f3n si realizas una compra. Estas cookies son gestionadas exclusivamente por las plataformas de destino y tienen una duraci\u00f3n determinada por cada plataforma en espec\u00edfico.<\/p>\n\n\n\n<p class=\"has-small-font-size\">Gesti\u00f3n de Cookies: Puedes deshabilitar las cookies desde la configuraci\u00f3n de tu navegador, aunque esto podr\u00eda afectar la correcta redirecci\u00f3n hacia las ofertas y el funcionamiento de esta p\u00e1gina o sitios asociados.<\/p>\n","protected":false},"excerpt":{"rendered":"<p>Aviso de privacidad Access Ofertas M\u00e9xico informa que en este sitio web no se solicitan, recolectan ni almacenan datos personales de identificaci\u00f3n directa (como nombre, correo electr\u00f3nico o tel\u00e9fono), ya que no contamos con formularios de registro ni contacto. La \u00fanica informaci\u00f3n procesada es de car\u00e1cter estad\u00edstico y t\u00e9cnico , la cual est\u00e1 configurada para [&hellip;]<\/p>\n","protected":false},"author":2,"featured_media":0,"parent":0,"menu_order":0,"comment_status":"closed","ping_status":"closed","template":"","meta":{"_acf_changed":false,"footnotes":""},"class_list":["post-177","page","type-page","status-publish","hentry"],"acf":[],"_links":{"self":[{"href":"http:\/\/209.46.123.56\/index.php\/wp-json\/wp\/v2\/pages\/177","targetHints":{"allow":["GET"]}}],"collection":[{"href":"http:\/\/209.46.123.56\/index.php\/wp-json\/wp\/v2\/pages"}],"about":[{"href":"http:\/\/209.46.123.56\/index.php\/wp-json\/wp\/v2\/types\/page"}],"author":[{"embeddable":true,"href":"http:\/\/209.46.123.56\/index.php\/wp-json\/wp\/v2\/users\/2"}],"replies":[{"embeddable":true,"href":"http:\/\/209.46.123.56\/index.php\/wp-json\/wp\/v2\/comments?post=177"}],"version-history":[{"count":2,"href":"http:\/\/209.46.123.56\/index.php\/wp-json\/wp\/v2\/pages\/177\/revisions"}],"predecessor-version":[{"id":367,"href":"http:\/\/209.46.123.56\/index.php\/wp-json\/wp\/v2\/pages\/177\/revisions\/367"}],"wp:attachment":[{"href":"http:\/\/209.46.123.56\/index.php\/wp-json\/wp\/v2\/media?parent=177"}],"curies":[{"name":"wp","href":"https:\/\/api.w.org\/{rel}","templated":true}]}}